{"id":37,"date":"2020-03-20T08:39:51","date_gmt":"2020-03-20T08:39:51","guid":{"rendered":"http:\/\/anvagosa.com\/?page_id=37"},"modified":"2020-03-20T17:32:36","modified_gmt":"2020-03-20T17:32:36","slug":"who-we-are","status":"publish","type":"page","link":"https:\/\/anvagosa.com\/?page_id=37","title":{"rendered":"Quienes somos"},"content":{"rendered":"<p><!--StartFragment--><\/p>\n\n\n<div class=\"wp-block-image\"><figure class=\"alignright is-resized\"><img decoding=\"async\" loading=\"lazy\" src=\"http:\/\/anvagosa.com\/wp-content\/uploads\/2020\/03\/skyscraper-3184798_1920-1024x683.jpg\" alt=\"anvagosa\" class=\"wp-image-32\" width=\"512\" height=\"342\" srcset=\"https:\/\/anvagosa.com\/wp-content\/uploads\/2020\/03\/skyscraper-3184798_1920-1024x683.jpg 1024w, https:\/\/anvagosa.com\/wp-content\/uploads\/2020\/03\/skyscraper-3184798_1920-300x200.jpg 300w, https:\/\/anvagosa.com\/wp-content\/uploads\/2020\/03\/skyscraper-3184798_1920-768x512.jpg 768w, https:\/\/anvagosa.com\/wp-content\/uploads\/2020\/03\/skyscraper-3184798_1920.jpg 1920w\" sizes=\"(max-width: 512px) 100vw, 512px\" \/><\/figure><\/div>\n\n\n\n<p>En <strong><em>ANVAGOSA INVESMENTS<\/em><\/strong> trabajamos cada d\u00eda para ofrecerle un cat\u00e1logo de inversiones adaptada a sus necesidades y para colaborar con su empresa en la \u00f3ptima comercializaci\u00f3n de sus activos o productos.<\/p>\n\n\n\n<p>Estamos en disposici\u00f3n de ofrecerle cualquier tipo de inversi\u00f3n, desde valores seguros, como los <strong>metales preciosos <\/strong>o las <strong>joyas<\/strong> -para los inversores m\u00e1s conservadores- hasta productos de rabiosa actualidad, como los <em><strong>bitcoins<\/strong><\/em> -para personas m\u00e1s avezadas en este tipo de protocolos-, garantizando un porfolio din\u00e1mico con el que cubrir en todo momento sus necesidades de inversi\u00f3n.<\/p>\n\n\n\n<p>Somos especialistas en la comercializaci\u00f3n de <strong>bienes ra\u00edces<\/strong> en <strong>Europa Occidental <\/strong>y en <strong>Am\u00e9rica Latina<\/strong>, habiendo participado en algunas de las operaciones  inmobiliarias m\u00e1s complejas de los \u00faltimos tiempos. El mercado de edificios residenciales y de oficinas, la compraventa de hoteles, complejos y\/o apartamentos tur\u00edsticos son nuestra pasi\u00f3n. <\/p>\n\n\n\n<p>Para desarrollar inversiones en otros lugares del mundo contamos con una amplia red de colaboradores que nos permite trabajar de forma \u00e1gil, seria y rigurosa, potenciando la generaci\u00f3n de negocio en todos los sectores econ\u00f3micos, tanto financieros como productivos y de bienes ra\u00edces. Contacte con nosotros antes de invertir su capital, podemos ofrecerle productos de m\u00e1xima calidad con los que obtener los mejores resultados econ\u00f3micos. <\/p>\n\n\n\n<p>Si quiere comercializar sus bienes, inversiones u otro tipo de producto, contacte con nosotros y le ayudaremos a generar negocio, trabaje con profesionales del sector con gran experiencia y en continua formaci\u00f3n.<\/p>\n\n\n<p><!--EndFragment--><\/p>","protected":false},"excerpt":{"rendered":"<p>En ANVAGOSA INVESMENTS trabajamos cada d\u00eda para ofrecerle un cat\u00e1logo de inversiones adaptada a sus necesidades y para colaborar con &#8230;<\/p>\n","protected":false},"author":1,"featured_media":0,"parent":0,"menu_order":0,"comment_status":"closed","ping_status":"closed","template":"","meta":[],"_links":{"self":[{"href":"https:\/\/anvagosa.com\/index.php?rest_route=\/wp\/v2\/pages\/37"}],"collection":[{"href":"https:\/\/anvagosa.com\/index.php?rest_route=\/wp\/v2\/pages"}],"about":[{"href":"https:\/\/anvagosa.com\/index.php?rest_route=\/wp\/v2\/types\/page"}],"author":[{"embeddable":true,"href":"https:\/\/anvagosa.com\/index.php?rest_route=\/wp\/v2\/users\/1"}],"replies":[{"embeddable":true,"href":"https:\/\/anvagosa.com\/index.php?rest_route=%2Fwp%2Fv2%2Fcomments&post=37"}],"version-history":[{"count":7,"href":"https:\/\/anvagosa.com\/index.php?rest_route=\/wp\/v2\/pages\/37\/revisions"}],"predecessor-version":[{"id":142,"href":"https:\/\/anvagosa.com\/index.php?rest_route=\/wp\/v2\/pages\/37\/revisions\/142"}],"wp:attachment":[{"href":"https:\/\/anvagosa.com\/index.php?rest_route=%2Fwp%2Fv2%2Fmedia&parent=37"}],"curies":[{"name":"wp","href":"https:\/\/api.w.org\/{rel}","templated":true}]}}