{"id":49,"date":"2020-03-20T08:42:37","date_gmt":"2020-03-20T08:42:37","guid":{"rendered":"http:\/\/anvagosa.com\/?page_id=49"},"modified":"2020-03-20T17:31:43","modified_gmt":"2020-03-20T17:31:43","slug":"invest-in-dominican-rep","status":"publish","type":"page","link":"https:\/\/anvagosa.com\/?page_id=49","title":{"rendered":"Invertir en Rep. Dominicana"},"content":{"rendered":"\n<div class=\"wp-block-cover has-background-dim\" style=\"background-image:url(http:\/\/anvagosa.com\/wp-content\/uploads\/2020\/03\/hotel-1209021.jpg)\"><div class=\"wp-block-cover__inner-container\">\n<p style=\"text-align:center\" class=\"has-large-font-size\">La garant\u00eda de \u00e9xito de su inversi\u00f3n en Rep\u00fablica Dominicana pasa por <em><strong>ANVAGOSA INVESTMENTS<\/strong><\/em><\/p>\n<\/div><\/div>\n\n\n\n<p>En <strong><em>ANVAGOSA INVESTMENTS<\/em><\/strong> contamos con una ampl\u00edsima experiencia en el desarrollo de negocios en Rep\u00fablica Dominicana, principalmente en el sureste el pa\u00eds. Una zona de oportunidades que cuenta con parajes paradis\u00edacos y con infraestructuras dignas de un pa\u00eds de primer nivel.  El pa\u00eds viene manteniendo un nivel de crecimiento sostenido superior al 5% durante los \u00faltimos 10 a\u00f1os (superior al 6,5% durante los \u00faltimos cinco) con inversiones en el sector tur\u00edstico de m\u00e1s de 3.000 millones de d\u00f3lares americanos s\u00f3lo en el \u00faltimo a\u00f1o.<\/p>\n\n\n\n<p>El gobierno dominicano viene trabajando para favorecer la inversi\u00f3n extranjera a trav\u00e9s de normas como la<a href=\"http:\/\/www.sice.oas.org\/Investment\/NatLeg\/RDM\/L_DevTur_s.pdf\"> Ley de Fomento al Desarrollo Tur\u00edstico<\/a> (que establece importantes beneficios fiscales para las personas  ique emprendan, promuevan o inviertan capitales en determinados polos tur\u00edsticos con gran potencialidad) o <a href=\"https:\/\/www.embajadadominicanaenfrancia.com\/index.php?option=com_k2&amp;view=item&amp;layout=item&amp;id=34&amp;Itemid=178\">Ley de Inversi\u00f3n Extranjera<\/a> (que otorga igualdad de derechos y obligaciones en materia de inversi\u00f3n a dominicanos y extranjeros y permite la libre circulaci\u00f3n del capital, tanto en sentido entrada como salida del pa\u00eds), normativa a la que habr\u00e1 que unir el acuerdo de libre comercio con los Estados Unidos de Am\u00e9rica. <\/p>\n\n\n\n<p>Ponemos a su disposici\u00f3n inversiones del m\u00e1ximo inter\u00e9s en esta joya del Caribe, un pa\u00eds bell\u00edsimo que disfruta de una estabilidad pol\u00edtica y econ\u00f3mica envidiables que favorecen el clima de inversi\u00f3n y donde los niveles de crecimiento parecen no conocer techo. Invierta en Rep\u00fablica Dominicana y h\u00e1galo contando con los mejores profesionales.<\/p>\n\n\n\n<p><\/p>\n","protected":false},"excerpt":{"rendered":"<p>En ANVAGOSA INVESTMENTS contamos con una ampl\u00edsima experiencia en el desarrollo de negocios en Rep\u00fablica Dominicana, principalmente en el sureste &#8230;<\/p>\n","protected":false},"author":1,"featured_media":0,"parent":0,"menu_order":0,"comment_status":"closed","ping_status":"closed","template":"","meta":[],"_links":{"self":[{"href":"https:\/\/anvagosa.com\/index.php?rest_route=\/wp\/v2\/pages\/49"}],"collection":[{"href":"https:\/\/anvagosa.com\/index.php?rest_route=\/wp\/v2\/pages"}],"about":[{"href":"https:\/\/anvagosa.com\/index.php?rest_route=\/wp\/v2\/types\/page"}],"author":[{"embeddable":true,"href":"https:\/\/anvagosa.com\/index.php?rest_route=\/wp\/v2\/users\/1"}],"replies":[{"embeddable":true,"href":"https:\/\/anvagosa.com\/index.php?rest_route=%2Fwp%2Fv2%2Fcomments&post=49"}],"version-history":[{"count":10,"href":"https:\/\/anvagosa.com\/index.php?rest_route=\/wp\/v2\/pages\/49\/revisions"}],"predecessor-version":[{"id":141,"href":"https:\/\/anvagosa.com\/index.php?rest_route=\/wp\/v2\/pages\/49\/revisions\/141"}],"wp:attachment":[{"href":"https:\/\/anvagosa.com\/index.php?rest_route=%2Fwp%2Fv2%2Fmedia&parent=49"}],"curies":[{"name":"wp","href":"https:\/\/api.w.org\/{rel}","templated":true}]}}